{"id":78,"date":"2022-11-23T20:07:33","date_gmt":"2022-11-23T19:07:33","guid":{"rendered":"https:\/\/dev.prebox.ltd\/?page_id=78"},"modified":"2025-02-13T07:43:15","modified_gmt":"2025-02-13T06:43:15","slug":"polityka-prywatnosci","status":"publish","type":"page","link":"https:\/\/prebox.ltd\/pl\/polityka-prywatnosci\/","title":{"rendered":"Polityka prywatno\u015bci"},"content":{"rendered":"\t\t<div data-elementor-type=\"wp-page\" data-elementor-id=\"78\" class=\"elementor elementor-78\" data-elementor-post-type=\"page\">\n\t\t\t\t\t\t<section class=\"elementor-section elementor-top-section elementor-element elementor-element-e58f5d0 elementor-reverse-mobile elementor-section-boxed elementor-section-height-default elementor-section-height-default\" data-id=\"e58f5d0\" data-element_type=\"section\">\n\t\t\t\t\t\t<div class=\"elementor-container elementor-column-gap-default\">\n\t\t\t\t\t<div class=\"elementor-column elementor-col-50 elementor-top-column elementor-element elementor-element-b171781\" data-id=\"b171781\" data-element_type=\"column\">\n\t\t\t<div class=\"elementor-widget-wrap elementor-element-populated\">\n\t\t\t\t\t\t<div class=\"elementor-element elementor-element-df7c551 elementor-widget elementor-widget-heading\" data-id=\"df7c551\" data-element_type=\"widget\" data-widget_type=\"heading.default\">\n\t\t\t\t<div class=\"elementor-widget-container\">\n\t\t\t<style>\/*! elementor - v3.19.0 - 07-02-2024 *\/\n.elementor-heading-title{padding:0;margin:0;line-height:1}.elementor-widget-heading .elementor-heading-title[class*=elementor-size-]>a{color:inherit;font-size:inherit;line-height:inherit}.elementor-widget-heading .elementor-heading-title.elementor-size-small{font-size:15px}.elementor-widget-heading .elementor-heading-title.elementor-size-medium{font-size:19px}.elementor-widget-heading .elementor-heading-title.elementor-size-large{font-size:29px}.elementor-widget-heading .elementor-heading-title.elementor-size-xl{font-size:39px}.elementor-widget-heading .elementor-heading-title.elementor-size-xxl{font-size:59px}<\/style><h1 class=\"elementor-heading-title elementor-size-default\"><span class=\"color-desk\">Polityka<\/span>\n<br>\n<span class=\"color-tab-mobile\">prywatno\u015bci<\/span><\/h1>\t\t<\/div>\n\t\t\t\t<\/div>\n\t\t\t\t\t<\/div>\n\t\t<\/div>\n\t\t\t\t<div class=\"elementor-column elementor-col-50 elementor-top-column elementor-element elementor-element-eba3b10\" data-id=\"eba3b10\" data-element_type=\"column\">\n\t\t\t<div class=\"elementor-widget-wrap elementor-element-populated\">\n\t\t\t\t\t\t<div class=\"elementor-element elementor-element-9970eb5 elementor-widget elementor-widget-image\" data-id=\"9970eb5\" data-element_type=\"widget\" id=\"header-img\" data-widget_type=\"image.default\">\n\t\t\t\t<div class=\"elementor-widget-container\">\n\t\t\t<style>\/*! elementor - v3.19.0 - 07-02-2024 *\/\n.elementor-widget-image{text-align:center}.elementor-widget-image a{display:inline-block}.elementor-widget-image a img[src$=\".svg\"]{width:48px}.elementor-widget-image img{vertical-align:middle;display:inline-block}<\/style>\t\t\t\t\t\t\t\t\t\t<img decoding=\"async\" width=\"1\" height=\"1\" src=\"https:\/\/prebox.ltd\/wp-content\/uploads\/2022\/12\/prebox-polityka_prywatnosci-header-1.svg\" class=\"attachment-large size-large wp-image-774\" alt=\"\" \/>\t\t\t\t\t\t\t\t\t\t\t\t\t<\/div>\n\t\t\t\t<\/div>\n\t\t\t\t\t<\/div>\n\t\t<\/div>\n\t\t\t\t\t<\/div>\n\t\t<\/section>\n\t\t\t\t<section class=\"elementor-section elementor-top-section elementor-element elementor-element-483aaeb elementor-section-boxed elementor-section-height-default elementor-section-height-default\" data-id=\"483aaeb\" data-element_type=\"section\">\n\t\t\t\t\t\t<div class=\"elementor-container elementor-column-gap-default\">\n\t\t\t\t\t<div class=\"elementor-column elementor-col-100 elementor-top-column elementor-element elementor-element-d61be5c\" data-id=\"d61be5c\" data-element_type=\"column\" data-settings=\"{&quot;background_background&quot;:&quot;classic&quot;}\">\n\t\t\t<div class=\"elementor-widget-wrap elementor-element-populated\">\n\t\t\t\t\t\t<section class=\"elementor-section elementor-inner-section elementor-element elementor-element-6088db0 elementor-section-boxed elementor-section-height-default elementor-section-height-default\" data-id=\"6088db0\" data-element_type=\"section\">\n\t\t\t\t\t\t<div class=\"elementor-container elementor-column-gap-default\">\n\t\t\t\t\t<div class=\"elementor-column elementor-col-100 elementor-inner-column elementor-element elementor-element-efde7fd\" data-id=\"efde7fd\" data-element_type=\"column\">\n\t\t\t<div class=\"elementor-widget-wrap elementor-element-populated\">\n\t\t\t\t\t\t<div class=\"elementor-element elementor-element-713899d elementor-widget elementor-widget-heading\" data-id=\"713899d\" data-element_type=\"widget\" data-widget_type=\"heading.default\">\n\t\t\t\t<div class=\"elementor-widget-container\">\n\t\t\t<h2 class=\"elementor-heading-title elementor-size-default\">In accordance with Art. 13. sec. 1 and sec. 2 of the general disposition on personal data protection of 27 April 2016 (hereinafter: GDPR) we inform that:<\/h2>\t\t<\/div>\n\t\t\t\t<\/div>\n\t\t\t\t<div class=\"elementor-element elementor-element-5c7fe74 elementor-widget elementor-widget-text-editor\" data-id=\"5c7fe74\" data-element_type=\"widget\" data-widget_type=\"text-editor.default\">\n\t\t\t\t<div class=\"elementor-widget-container\">\n\t\t\t<style>\/*! elementor - v3.19.0 - 07-02-2024 *\/\n.elementor-widget-text-editor.elementor-drop-cap-view-stacked .elementor-drop-cap{background-color:#69727d;color:#fff}.elementor-widget-text-editor.elementor-drop-cap-view-framed .elementor-drop-cap{color:#69727d;border:3px solid;background-color:transparent}.elementor-widget-text-editor:not(.elementor-drop-cap-view-default) .elementor-drop-cap{margin-top:8px}.elementor-widget-text-editor:not(.elementor-drop-cap-view-default) .elementor-drop-cap-letter{width:1em;height:1em}.elementor-widget-text-editor .elementor-drop-cap{float:left;text-align:center;line-height:1;font-size:50px}.elementor-widget-text-editor .elementor-drop-cap-letter{display:inline-block}<\/style>\t\t\t\t<ol><li>The administrator of your personal data is RSD OSS O\u00dc, address: L\u00f5\u00f5tsa 5, Harju maakond, Lasnam\u00e4e linnaosa, 11415 Tallinn, Estonia\u00a0registered in the register of the companies of Estonia no. 16037867.<\/li><li>You may contact the Company by sending an e-mail through:\u00a0<a href=\"\/kontakt\/\">contact form<\/a>.<\/li><li>Your personal data will be processed to conduct a recruitment for the position that the recruitment application refers to and to undertake indispensable actions before concluding the agreement based on art. 6 sec. 1 letter a) and b) of GDPR in the scope covering: name (names) and surname, contact details, education, professional qualifications, course of employment so far. In the scope of data beyond the scope specified in the preceding sentence, included voluntarily in the CV attached to the form, your personal data will be processed based on art. 6 sec. 1 letter a) GDPR.<\/li><li>The data contained in the recruitment form and the CV attached to it may also be processed based on legally justified purposes of the Administrator, namely to pursue claims or to protect against claims, if they are connected with the conducted recruitment based on art. 6 sec. 1 letter f) GDRP.<\/li><li>Your personal data will be stored for a period of 6 months as of the date of receiving the application and in case of a consent for processing them for the needs of future recruitment \u2013 for a period of 12 months as of the application date.<\/li><li>Your personal data may be disclosed to entities cooperating with the Administrator.<\/li><li>Your personal data will not be provided to any third country.<\/li><li>You are entitled to have access to the content of your data and to adjust, delete them or restrict the processing, to transfer the data, to object, to withdraw your consent at any moment without influence on the legality of processing, which was made based on the consent before the withdrawal.<\/li><li>You have the right to raise a complaint to the supervisory authority, if you decide that processing your personal data infringes the GDPR provisions.<\/li><li>Providing the personal data specified in item 3 above is voluntary, but necessary to participate in the recruitment process. It is not obligatory to provide the data beyond the scope specified in item 3, and lack of such data in the CV attached to the form does not influence the possibility to take part in the recruitment process.<\/li><li>Your data will not be processed in an automated way including profiling.<\/li><\/ol>\t\t\t\t\t\t<\/div>\n\t\t\t\t<\/div>\n\t\t\t\t\t<\/div>\n\t\t<\/div>\n\t\t\t\t\t<\/div>\n\t\t<\/section>\n\t\t\t\t\t<\/div>\n\t\t<\/div>\n\t\t\t\t\t<\/div>\n\t\t<\/section>\n\t\t\t\t<\/div>\n\t\t","protected":false},"excerpt":{"rendered":"<p>Polityka prywatno\u015bci In accordance with Art. 13. sec. 1 and sec. 2 of the general disposition on personal data protection of 27 April 2016 (hereinafter: GDPR) we inform that: The administrator of your personal data is RSD OSS O\u00dc, address: L\u00f5\u00f5tsa 5, Harju maakond, Lasnam\u00e4e linnaosa, 11415 Tallinn, Estonia\u00a0registered in the register of the companies [&hellip;]<\/p>\n","protected":false},"author":1,"featured_media":0,"parent":0,"menu_order":0,"comment_status":"closed","ping_status":"closed","template":"","meta":{"site-sidebar-layout":"no-sidebar","site-content-layout":"page-builder","ast-site-content-layout":"","site-content-style":"default","site-sidebar-style":"default","ast-global-header-display":"","ast-banner-title-visibility":"","ast-main-header-display":"","ast-hfb-above-header-display":"","ast-hfb-below-header-display":"","ast-hfb-mobile-header-display":"","site-post-title":"disabled","ast-breadcrumbs-content":"","ast-featured-img":"disabled","footer-sml-layout":"","theme-transparent-header-meta":"","adv-header-id-meta":"","stick-header-meta":"","header-above-stick-meta":"","header-main-stick-meta":"","header-below-stick-meta":"","astra-migrate-meta-layouts":"default","ast-page-background-enabled":"default","ast-page-background-meta":{"desktop":{"background-color":"var(--ast-global-color-4)","background-image":"","background-repeat":"repeat","background-position":"center center","background-size":"auto","background-attachment":"scroll","background-type":"","background-media":"","overlay-type":"","overlay-color":"","overlay-gradient":""},"tablet":{"background-color":"","background-image":"","background-repeat":"repeat","background-position":"center center","background-size":"auto","background-attachment":"scroll","background-type":"","background-media":"","overlay-type":"","overlay-color":"","overlay-gradient":""},"mobile":{"background-color":"","background-image":"","background-repeat":"repeat","background-position":"center center","background-size":"auto","background-attachment":"scroll","background-type":"","background-media":"","overlay-type":"","overlay-color":"","overlay-gradient":""}},"ast-content-background-meta":{"desktop":{"background-color":"var(--ast-global-color-5)","background-image":"","background-repeat":"repeat","background-position":"center center","background-size":"auto","background-attachment":"scroll","background-type":"","background-media":"","overlay-type":"","overlay-color":"","overlay-gradient":""},"tablet":{"background-color":"var(--ast-global-color-5)","background-image":"","background-repeat":"repeat","background-position":"center center","background-size":"auto","background-attachment":"scroll","background-type":"","background-media":"","overlay-type":"","overlay-color":"","overlay-gradient":""},"mobile":{"background-color":"var(--ast-global-color-5)","background-image":"","background-repeat":"repeat","background-position":"center center","background-size":"auto","background-attachment":"scroll","background-type":"","background-media":"","overlay-type":"","overlay-color":"","overlay-gradient":""}},"footnotes":""},"class_list":["post-78","page","type-page","status-publish","hentry"],"yoast_head":"<!-- This site is optimized with the Yoast SEO plugin v22.0 - https:\/\/yoast.com\/wordpress\/plugins\/seo\/ -->\n<title>Polityka prywatno\u015bci - Prebox<\/title>\n<meta name=\"robots\" content=\"index, follow, max-snippet:-1, max-image-preview:large, max-video-preview:-1\" \/>\n<link rel=\"canonical\" href=\"https:\/\/prebox.ltd\/pl\/polityka-prywatnosci\/\" \/>\n<meta property=\"og:locale\" content=\"pl_PL\" \/>\n<meta property=\"og:type\" content=\"article\" \/>\n<meta property=\"og:title\" content=\"Polityka prywatno\u015bci - Prebox\" \/>\n<meta property=\"og:description\" content=\"Polityka prywatno\u015bci In accordance with Art. 13. sec. 1 and sec. 2 of the general disposition on personal data protection of 27 April 2016 (hereinafter: GDPR) we inform that: The administrator of your personal data is RSD OSS O\u00dc, address: L\u00f5\u00f5tsa 5, Harju maakond, Lasnam\u00e4e linnaosa, 11415 Tallinn, Estonia\u00a0registered in the register of the companies [&hellip;]\" \/>\n<meta property=\"og:url\" content=\"https:\/\/prebox.ltd\/pl\/polityka-prywatnosci\/\" \/>\n<meta property=\"og:site_name\" content=\"Prebox\" \/>\n<meta property=\"article:modified_time\" content=\"2025-02-13T06:43:15+00:00\" \/>\n<meta property=\"og:image\" content=\"https:\/\/prebox.ltd\/wp-content\/uploads\/2022\/12\/prebox-polityka_prywatnosci-header-1.svg\" \/>\n<meta name=\"twitter:card\" content=\"summary_large_image\" \/>\n<meta name=\"twitter:label1\" content=\"Szacowany czas czytania\" \/>\n\t<meta name=\"twitter:data1\" content=\"3 minuty\" \/>\n<script type=\"application\/ld+json\" class=\"yoast-schema-graph\">{\"@context\":\"https:\/\/schema.org\",\"@graph\":[{\"@type\":\"WebPage\",\"@id\":\"https:\/\/prebox.ltd\/pl\/polityka-prywatnosci\/\",\"url\":\"https:\/\/prebox.ltd\/pl\/polityka-prywatnosci\/\",\"name\":\"Polityka prywatno\u015bci - Prebox\",\"isPartOf\":{\"@id\":\"https:\/\/prebox.ltd\/pl\/#website\"},\"datePublished\":\"2022-11-23T19:07:33+00:00\",\"dateModified\":\"2025-02-13T06:43:15+00:00\",\"breadcrumb\":{\"@id\":\"https:\/\/prebox.ltd\/pl\/polityka-prywatnosci\/#breadcrumb\"},\"inLanguage\":\"pl-PL\",\"potentialAction\":[{\"@type\":\"ReadAction\",\"target\":[\"https:\/\/prebox.ltd\/pl\/polityka-prywatnosci\/\"]}]},{\"@type\":\"BreadcrumbList\",\"@id\":\"https:\/\/prebox.ltd\/pl\/polityka-prywatnosci\/#breadcrumb\",\"itemListElement\":[{\"@type\":\"ListItem\",\"position\":1,\"name\":\"Home\",\"item\":\"https:\/\/prebox.ltd\/pl\/\"},{\"@type\":\"ListItem\",\"position\":2,\"name\":\"Polityka prywatno\u015bci\"}]},{\"@type\":\"WebSite\",\"@id\":\"https:\/\/prebox.ltd\/pl\/#website\",\"url\":\"https:\/\/prebox.ltd\/pl\/\",\"name\":\"Prebox\",\"description\":\"\",\"publisher\":{\"@id\":\"https:\/\/prebox.ltd\/pl\/#organization\"},\"potentialAction\":[{\"@type\":\"SearchAction\",\"target\":{\"@type\":\"EntryPoint\",\"urlTemplate\":\"https:\/\/prebox.ltd\/pl\/?s={search_term_string}\"},\"query-input\":\"required name=search_term_string\"}],\"inLanguage\":\"pl-PL\"},{\"@type\":\"Organization\",\"@id\":\"https:\/\/prebox.ltd\/pl\/#organization\",\"name\":\"Prebox\",\"url\":\"https:\/\/prebox.ltd\/pl\/\",\"logo\":{\"@type\":\"ImageObject\",\"inLanguage\":\"pl-PL\",\"@id\":\"https:\/\/prebox.ltd\/pl\/#\/schema\/logo\/image\/\",\"url\":\"https:\/\/prebox.ltd\/wp-content\/uploads\/2022\/11\/Prebox-logo.svg\",\"contentUrl\":\"https:\/\/prebox.ltd\/wp-content\/uploads\/2022\/11\/Prebox-logo.svg\",\"width\":235,\"height\":63,\"caption\":\"Prebox\"},\"image\":{\"@id\":\"https:\/\/prebox.ltd\/pl\/#\/schema\/logo\/image\/\"}}]}<\/script>\n<!-- \/ Yoast SEO plugin. -->","yoast_head_json":{"title":"Polityka prywatno\u015bci - Prebox","robots":{"index":"index","follow":"follow","max-snippet":"max-snippet:-1","max-image-preview":"max-image-preview:large","max-video-preview":"max-video-preview:-1"},"canonical":"https:\/\/prebox.ltd\/pl\/polityka-prywatnosci\/","og_locale":"pl_PL","og_type":"article","og_title":"Polityka prywatno\u015bci - Prebox","og_description":"Polityka prywatno\u015bci In accordance with Art. 13. sec. 1 and sec. 2 of the general disposition on personal data protection of 27 April 2016 (hereinafter: GDPR) we inform that: The administrator of your personal data is RSD OSS O\u00dc, address: L\u00f5\u00f5tsa 5, Harju maakond, Lasnam\u00e4e linnaosa, 11415 Tallinn, Estonia\u00a0registered in the register of the companies [&hellip;]","og_url":"https:\/\/prebox.ltd\/pl\/polityka-prywatnosci\/","og_site_name":"Prebox","article_modified_time":"2025-02-13T06:43:15+00:00","og_image":[{"url":"https:\/\/prebox.ltd\/wp-content\/uploads\/2022\/12\/prebox-polityka_prywatnosci-header-1.svg"}],"twitter_card":"summary_large_image","twitter_misc":{"Szacowany czas czytania":"3 minuty"},"schema":{"@context":"https:\/\/schema.org","@graph":[{"@type":"WebPage","@id":"https:\/\/prebox.ltd\/pl\/polityka-prywatnosci\/","url":"https:\/\/prebox.ltd\/pl\/polityka-prywatnosci\/","name":"Polityka prywatno\u015bci - Prebox","isPartOf":{"@id":"https:\/\/prebox.ltd\/pl\/#website"},"datePublished":"2022-11-23T19:07:33+00:00","dateModified":"2025-02-13T06:43:15+00:00","breadcrumb":{"@id":"https:\/\/prebox.ltd\/pl\/polityka-prywatnosci\/#breadcrumb"},"inLanguage":"pl-PL","potentialAction":[{"@type":"ReadAction","target":["https:\/\/prebox.ltd\/pl\/polityka-prywatnosci\/"]}]},{"@type":"BreadcrumbList","@id":"https:\/\/prebox.ltd\/pl\/polityka-prywatnosci\/#breadcrumb","itemListElement":[{"@type":"ListItem","position":1,"name":"Home","item":"https:\/\/prebox.ltd\/pl\/"},{"@type":"ListItem","position":2,"name":"Polityka prywatno\u015bci"}]},{"@type":"WebSite","@id":"https:\/\/prebox.ltd\/pl\/#website","url":"https:\/\/prebox.ltd\/pl\/","name":"Prebox","description":"","publisher":{"@id":"https:\/\/prebox.ltd\/pl\/#organization"},"potentialAction":[{"@type":"SearchAction","target":{"@type":"EntryPoint","urlTemplate":"https:\/\/prebox.ltd\/pl\/?s={search_term_string}"},"query-input":"required name=search_term_string"}],"inLanguage":"pl-PL"},{"@type":"Organization","@id":"https:\/\/prebox.ltd\/pl\/#organization","name":"Prebox","url":"https:\/\/prebox.ltd\/pl\/","logo":{"@type":"ImageObject","inLanguage":"pl-PL","@id":"https:\/\/prebox.ltd\/pl\/#\/schema\/logo\/image\/","url":"https:\/\/prebox.ltd\/wp-content\/uploads\/2022\/11\/Prebox-logo.svg","contentUrl":"https:\/\/prebox.ltd\/wp-content\/uploads\/2022\/11\/Prebox-logo.svg","width":235,"height":63,"caption":"Prebox"},"image":{"@id":"https:\/\/prebox.ltd\/pl\/#\/schema\/logo\/image\/"}}]}},"_links":{"self":[{"href":"https:\/\/prebox.ltd\/pl\/wp-json\/wp\/v2\/pages\/78","targetHints":{"allow":["GET"]}}],"collection":[{"href":"https:\/\/prebox.ltd\/pl\/wp-json\/wp\/v2\/pages"}],"about":[{"href":"https:\/\/prebox.ltd\/pl\/wp-json\/wp\/v2\/types\/page"}],"author":[{"embeddable":true,"href":"https:\/\/prebox.ltd\/pl\/wp-json\/wp\/v2\/users\/1"}],"replies":[{"embeddable":true,"href":"https:\/\/prebox.ltd\/pl\/wp-json\/wp\/v2\/comments?post=78"}],"version-history":[{"count":161,"href":"https:\/\/prebox.ltd\/pl\/wp-json\/wp\/v2\/pages\/78\/revisions"}],"predecessor-version":[{"id":7115,"href":"https:\/\/prebox.ltd\/pl\/wp-json\/wp\/v2\/pages\/78\/revisions\/7115"}],"wp:attachment":[{"href":"https:\/\/prebox.ltd\/pl\/wp-json\/wp\/v2\/media?parent=78"}],"curies":[{"name":"wp","href":"https:\/\/api.w.org\/{rel}","templated":true}]}}